{"id":205,"date":"2021-05-20T15:36:58","date_gmt":"2021-05-20T13:36:58","guid":{"rendered":"https:\/\/www.banja-kanjiza.rs\/hu\/rezervacio\/"},"modified":"2021-05-31T13:40:35","modified_gmt":"2021-05-31T11:40:35","slug":"rezervacio","status":"publish","type":"page","link":"https:\/\/www.banja-kanjiza.rs\/hu\/rezervacio\/","title":{"rendered":"rezervacio"},"content":{"rendered":"\n    \n    <section class=\"skrollable u-align-left u-clearfix u-image u-parallax u-shading u-section-2\" id=\"sec-9887\" data-image-width=\"1980\" data-image-height=\"1320\">\n      <div class=\"u-clearfix u-sheet u-sheet-1\">\n        <h1 class=\"u-align-center u-text u-text-1\">Rezerv\u00e1ci\u00f3<\/h1>\n      <\/div>\n    <\/section>\n    <section class=\"u-align-center u-clearfix u-section-3\" id=\"rezervacija\">\n      <div class=\"u-clearfix u-sheet u-sheet-1\">\n        <div class=\"u-form u-form-1\">\n          <form action=\"https:\/\/www.banja-kanjiza.rs\/hu\/wp-content\/plugins\/nicepage\/templates\/form.php?id=205&formId=rezervacija\" method=\"POST\" class=\"u-clearfix u-form-spacing-15 u-form-vertical u-inner-form\" style=\"padding: 0;\" source=\"customphp\" name=\"form\">\n            <div class=\"u-form-email u-form-group u-form-partition-factor-2 u-form-group-1\">\n              <label for=\"email-f2a8\" class=\"u-label u-label-1\">E-mail<\/label>\n              <input type=\"email\" id=\"email-f2a8\" name=\"email\" class=\"u-border-2 u-border-black u-border-no-left u-border-no-right u-border-no-top u-input u-input-rectangle u-text-custom-color-9580\" required=\"\">\n            <\/div>\n            <div class=\"u-form-group u-form-name u-form-partition-factor-2 u-form-group-2\">\n              <label for=\"name-f2a8\" class=\"u-label u-label-2\">Vezet\u00e9kn\u00e9v \u00e9s keresztn\u00e9v<\/label>\n              <input type=\"text\" placeholder=\"\" id=\"name-f2a8\" name=\"name\" class=\"u-border-2 u-border-black u-border-no-left u-border-no-right u-border-no-top u-input u-input-rectangle u-text-custom-color-9580\" required=\"\">\n            <\/div>\n            <div class=\"u-form-group u-form-select u-form-group-3\">\n              <label for=\"select-8e9d\" class=\"u-label u-label-3\">V\u00e1laszt\u00e9k<\/label>\n              <div class=\"u-form-select-wrapper\">\n                <select id=\"select-8e9d\" name=\"V\u00e1laszt\u00e9k\" class=\"u-border-2 u-border-black u-border-no-left u-border-no-right u-border-no-top u-input u-input-rectangle u-text-custom-color-9580\">\n                  <option value=\"Egy\u00e1gyas szoba\">Egy\u00e1gyas szoba<\/option>\n                  <option value=\"K\u00e9t\u00e1gyas szoba\">K\u00e9t\u00e1gyas szoba<\/option>\n                  <option value=\"H\u00e1rom\u00e1gyas szoba\">H\u00e1rom\u00e1gyas szoba<\/option>\n                  <option value=\"Lakoszt\u00e1ly\">Lakoszt\u00e1ly<\/option>\n                <\/select>\n                <svg xmlns=\"http:\/\/www.w3.org\/2000\/svg\" width=\"14\" height=\"12\" version=\"1\" class=\"u-caret\"><path fill=\"currentColor\" d=\"M4 8L0 4h8z\"><\/path><\/svg>\n              <\/div>\n            <\/div>\n            <div class=\"u-form-group u-form-phone u-form-group-4\">\n              <label for=\"phone-447e\" class=\"u-label u-label-4\">Telefon<\/label>\n              <input type=\"tel\" pattern=\"+?d{0,2}[s(-]?([0-9]{3})[s)-]?([s-]?)([0-9]{3})[s-]?([0-9]{2})[s-]?([0-9]{2})\" id=\"phone-447e\" name=\"phone\" class=\"u-border-2 u-border-black u-border-no-left u-border-no-right u-border-no-top u-input u-input-rectangle u-text-custom-color-9580\" required=\"\">\n            <\/div>\n            <div class=\"u-form-group u-form-message u-form-group-5\">\n              <label for=\"message-f2a8\" class=\"u-label u-label-5\">\u00dczenet<\/label>\n              <textarea placeholder=\"\" rows=\"4\" cols=\"50\" id=\"message-f2a8\" name=\"message\" class=\"u-border-2 u-border-black u-border-no-left u-border-no-right u-border-no-top u-input u-input-rectangle u-text-custom-color-9580\" required=\"\"><\/textarea>\n            <\/div>\n            <div class=\"u-align-center u-form-group u-form-submit u-form-group-6\">\n              <a href=\"#\" class=\"u-border-2 u-border-black u-btn u-btn-submit u-button-style u-custom-color-8 u-hover-custom-color-96 u-text-body-alt-color u-text-hover-white u-btn-1\"><span class=\"u-icon u-icon-1\"><svg class=\"u-svg-content\" viewBox=\"0 0 24 24\" style=\"width: 1em; height: 1em;\"><path d=\"m8.75 17.612v4.638c0 .324.208.611.516.713.077.025.156.037.234.037.234 0 .46-.11.604-.306l2.713-3.692z\"><\/path><path d=\"m23.685.139c-.23-.163-.532-.185-.782-.054l-22.5 11.75c-.266.139-.423.423-.401.722.023.3.222.556.505.653l6.255 2.138 13.321-11.39-10.308 12.419 10.483 3.583c.078.026.16.04.242.04.136 0 .271-.037.39-.109.19-.116.319-.311.352-.53l2.75-18.5c.041-.28-.077-.558-.307-.722z\"><\/path><\/svg><img><\/span>&nbsp;ELK\u00dcLD \n              <\/a>\n              <input type=\"submit\" value=\"submit\" class=\"u-form-control-hidden\">\n            <\/div>\n            <div class=\"u-form-send-message u-form-send-success\">HVALA !<\/div>\n            <div class=\"u-form-send-error u-form-send-message\">GRE\u0160KA !<\/div>\n            <input type=\"hidden\" value=\"\" name=\"recaptchaResponse\">\n          <\/form>\n        <\/div>\n      <\/div>\n    <\/section>\n    \n    \n  \n","protected":false},"excerpt":{"rendered":"<p>Rezerv\u00e1ci\u00f3 E-mail Vezet\u00e9kn\u00e9v \u00e9s keresztn\u00e9v V\u00e1laszt\u00e9k Egy\u00e1gyas szoba K\u00e9t\u00e1gyas szoba H\u00e1rom\u00e1gyas szoba Lakoszt\u00e1ly Telefon \u00dczenet &nbsp;ELK\u00dcLD HVALA ! GRE\u0160KA !<\/p>\n","protected":false},"author":1,"featured_media":0,"parent":0,"menu_order":1,"comment_status":"closed","ping_status":"closed","template":"","meta":{"ngg_post_thumbnail":0,"footnotes":""},"class_list":["post-205","page","type-page","status-publish","hentry"],"_links":{"self":[{"href":"https:\/\/www.banja-kanjiza.rs\/hu\/wp-json\/wp\/v2\/pages\/205","targetHints":{"allow":["GET"]}}],"collection":[{"href":"https:\/\/www.banja-kanjiza.rs\/hu\/wp-json\/wp\/v2\/pages"}],"about":[{"href":"https:\/\/www.banja-kanjiza.rs\/hu\/wp-json\/wp\/v2\/types\/page"}],"author":[{"embeddable":true,"href":"https:\/\/www.banja-kanjiza.rs\/hu\/wp-json\/wp\/v2\/users\/1"}],"replies":[{"embeddable":true,"href":"https:\/\/www.banja-kanjiza.rs\/hu\/wp-json\/wp\/v2\/comments?post=205"}],"version-history":[{"count":2,"href":"https:\/\/www.banja-kanjiza.rs\/hu\/wp-json\/wp\/v2\/pages\/205\/revisions"}],"predecessor-version":[{"id":477,"href":"https:\/\/www.banja-kanjiza.rs\/hu\/wp-json\/wp\/v2\/pages\/205\/revisions\/477"}],"wp:attachment":[{"href":"https:\/\/www.banja-kanjiza.rs\/hu\/wp-json\/wp\/v2\/media?parent=205"}],"curies":[{"name":"wp","href":"https:\/\/api.w.org\/{rel}","templated":true}]}}