{"id":208,"date":"2021-05-20T15:37:01","date_gmt":"2021-05-20T13:37:01","guid":{"rendered":"https:\/\/www.banja-kanjiza.rs\/hu\/hirek\/"},"modified":"2021-05-20T22:27:38","modified_gmt":"2021-05-20T20:27:38","slug":"hirek","status":"publish","type":"page","link":"https:\/\/www.banja-kanjiza.rs\/hu\/hirek\/","title":{"rendered":"hirek"},"content":{"rendered":"\n    \n    <section class=\"skrollable u-clearfix u-image u-parallax u-shading u-section-2\" id=\"sec-3d8c\" data-image-width=\"1950\" data-image-height=\"1300\">\n      <div class=\"u-clearfix u-sheet u-valign-middle u-sheet-1\">\n        <h1 class=\"u-align-center u-text u-text-body-color u-text-1\">H\u00edrek<\/h1>\n      <\/div>\n    <\/section>\n    <section class=\"u-clearfix u-section-3\" id=\"sec-04f9\">\n      <div class=\"u-clearfix u-sheet u-sheet-1\">\n        <div class=\"u-blog u-pagination-center u-blog-1 u-hidden-visibility\" >\n          <div class=\"u-list-control\"><\/div>\n          <div class=\"u-repeater u-repeater-1\">\n            <div class=\"u-blog-post u-container-style u-repeater-item\">\n              <div class=\"u-container-layout u-similar-container u-container-layout-1\">\n                <div class=\"u-blog-control u-post-tags u-post-tags-1\">\n                <\/div>\n                <div class=\"u-blog-control u-metadata u-metadata-1\">\n                  <span class=\"u-meta-date u-meta-icon\">2023.05.04.<\/span>\n                <\/div>\n                <h2 class=\"u-blog-control u-text u-text-1\">\n                  <a class=\"u-post-header-link\" href=\"https:\/\/www.banja-kanjiza.rs\/hu\/2023\/05\/04\/ertesites-2\/\">\u00c9rtes\u00edt\u00e9s<\/a>\n                <\/h2><a class=\"u-blog-control u-expanded-width u-image u-image-default u-image-1\" href=\"https:\/\/www.banja-kanjiza.rs\/hu\/2023\/05\/04\/ertesites-2\/\">\n                <img decoding=\"async\" src=\"https:\/\/www.banja-kanjiza.rs\/hu\/wp-content\/uploads\/sites\/5\/2021\/05\/tenis12801-1024x768.jpg\" alt=\"\" class=\"u-blog-control u-expanded-width u-image u-image-default u-image-1\"><\/a>\n                <div class=\"u-blog-control u-post-content u-text\"><p>\n\u00d6r\u00f6mmel \u00e9rtes\u00edtj\u00fck a lakoss\u00e1got \u00e9s a Gy\u00f3gyf\u00fcrd\u0151 vend\u00e9geit, hogy 2023 m\u00e1jus 8.-t\u00f3l kezdet\u00e9t veszi a teniszp\u00e1ly\u00e1k b\u00e9rl\u00e9si lehet\u0151s\u00e9ge minden nap &hellip;<\/p><\/div>\n              <\/div>\n            <\/div>\n            <div class=\"u-blog-post u-container-style u-repeater-item\">\n              <div class=\"u-container-layout u-similar-container u-container-layout-1\">\n                <div class=\"u-blog-control u-post-tags u-post-tags-1\">\n                <\/div>\n                <div class=\"u-blog-control u-metadata u-metadata-1\">\n                  <span class=\"u-meta-date u-meta-icon\">2023.03.22.<\/span>\n                <\/div>\n                <h2 class=\"u-blog-control u-text u-text-1\">\n                  <a class=\"u-post-header-link\" href=\"https:\/\/www.banja-kanjiza.rs\/hu\/2023\/03\/22\/ertesites\/\">\u00c9rtes\u00edt\u00e9s<\/a>\n                <\/h2><a class=\"u-blog-control u-expanded-width u-image u-image-default u-image-1\" href=\"https:\/\/www.banja-kanjiza.rs\/hu\/2023\/03\/22\/ertesites\/\">\n                <img decoding=\"async\" src=\"https:\/\/www.banja-kanjiza.rs\/hu\/wp-content\/uploads\/sites\/5\/2021\/05\/baz-t.jpg\" alt=\"\" class=\"u-blog-control u-expanded-width u-image u-image-default u-image-1\"><\/a>\n                <div class=\"u-blog-control u-post-content u-text\"><p>\n\u00c9rtes\u00edtj\u00fck a lakoss\u00e1got \u00e9s a gy\u00f3gyf\u00fcrd\u0151 vend\u00e9geit, hogy a medenc\u00e9k nem \u00fczemelnek 2023. m\u00e1rcius 26- t\u0151l . m\u00e1rcius 29-ig medencetiszt\u00edt\u00e1s miatt.\n\n\n\nA&hellip;<\/p><\/div>\n              <\/div>\n            <\/div>\n            <div class=\"u-blog-post u-container-style u-repeater-item\">\n              <div class=\"u-container-layout u-similar-container u-container-layout-1\">\n                <div class=\"u-blog-control u-post-tags u-post-tags-1\">\n                <\/div>\n                <div class=\"u-blog-control u-metadata u-metadata-1\">\n                  <span class=\"u-meta-date u-meta-icon\">2023.02.22.<\/span>\n                <\/div>\n                <h2 class=\"u-blog-control u-text u-text-1\">\n                  <a class=\"u-post-header-link\" href=\"https:\/\/www.banja-kanjiza.rs\/hu\/2023\/02\/22\/nonap-a-gyogyfurdoben\/\">N\u0151nap a Gy\u00f3gyf\u00fcrd\u0151ben<\/a>\n                <\/h2><a class=\"u-blog-control u-expanded-width u-image u-image-default u-image-1\" href=\"https:\/\/www.banja-kanjiza.rs\/hu\/2023\/02\/22\/nonap-a-gyogyfurdoben\/\">\n                <img decoding=\"async\" src=\"https:\/\/www.banja-kanjiza.rs\/hu\/wp-content\/uploads\/sites\/5\/2023\/02\/stasab.jpg\" alt=\"\" class=\"u-blog-control u-expanded-width u-image u-image-default u-image-1\"><\/a>\n                <div class=\"u-blog-control u-post-content u-text\"><p>\nKedves bar\u00e1taim! N\u0151nap alkalm\u00e1b\u00f3l a kanizsai Gy\u00f3ygyf\u00fcrd\u0151 egy kellemes hangulat\u00fa \u00e9l\u0151 akusztikus estet \u00e9s vacsor\u00e1t szervez m\u00e1rcius 3-\u00e1n 20 \u00f3r\u00e1t\u00f3l, &hellip;<\/p><\/div>\n              <\/div>\n            <\/div>\n            <div class=\"u-blog-post u-container-style u-repeater-item\">\n              <div class=\"u-container-layout u-similar-container u-container-layout-1\">\n                <div class=\"u-blog-control u-post-tags u-post-tags-1\">\n                <\/div>\n                <div class=\"u-blog-control u-metadata u-metadata-1\">\n                  <span class=\"u-meta-date u-meta-icon\">2021.05.20.<\/span>\n                <\/div>\n                <h2 class=\"u-blog-control u-text u-text-1\">\n                  <a class=\"u-post-header-link\" href=\"https:\/\/www.banja-kanjiza.rs\/hu\/2021\/05\/20\/uj-weboldal\/\">\u00daj weboldal<\/a>\n                <\/h2><a class=\"u-blog-control u-expanded-width u-image u-image-default u-image-1\" href=\"https:\/\/www.banja-kanjiza.rs\/hu\/2021\/05\/20\/uj-weboldal\/\">\n                <img decoding=\"async\" src=\"https:\/\/www.banja-kanjiza.rs\/hu\/wp-content\/uploads\/sites\/5\/2021\/05\/3.jpeg\" alt=\"\" class=\"u-blog-control u-expanded-width u-image u-image-default u-image-1\"><\/a>\n                <div class=\"u-blog-control u-post-content u-text\">Sample small text. Lorem ipsum dolor sit amet.<\/div>\n              <\/div>\n            <\/div>\n          <\/div>\n          <div class=\"u-list-control\">\n          <\/div>\n        <\/div><style>.u-section-3 .u-repeater-1 {grid-auto-rows: 100% !important}@media (max-width: 1199px) {.u-section-3 .u-repeater-1 {grid-auto-rows: 100% !important}}@media (max-width: 991px) {.u-section-3 .u-repeater-1 {grid-auto-rows: 100% !important}}@media (max-width: 767px) {.u-section-3 .u-repeater-1 {grid-auto-rows: 100% !important}}@media (max-width: 575px) {.u-section-3 .u-repeater-1 {grid-auto-rows: 100% !important}}<\/style>\n      <\/div>\n    <\/section>\n    \n    \n  \n","protected":false},"excerpt":{"rendered":"<p>H\u00edrek 2023.05.04. \u00c9rtes\u00edt\u00e9s \u00d6r\u00f6mmel \u00e9rtes\u00edtj\u00fck a lakoss\u00e1got \u00e9s a Gy\u00f3gyf\u00fcrd\u0151 vend\u00e9geit, hogy 2023 m\u00e1jus 8.-t\u00f3l kezdet\u00e9t veszi a teniszp\u00e1ly\u00e1k b\u00e9rl\u00e9si lehet\u0151s\u00e9ge minden nap &hellip; 2023.03.22. \u00c9rtes\u00edt\u00e9s \u00c9rtes\u00edtj\u00fck a lakoss\u00e1got \u00e9s a gy\u00f3gyf\u00fcrd\u0151 vend\u00e9geit, hogy a medenc\u00e9k nem \u00fczemelnek 2023. m\u00e1rcius 26- t\u0151l . m\u00e1rcius 29-ig medencetiszt\u00edt\u00e1s miatt. A&hellip; 2023.02.22. N\u0151nap a Gy\u00f3gyf\u00fcrd\u0151ben Kedves bar\u00e1taim! N\u0151nap &hellip; <a href=\"https:\/\/www.banja-kanjiza.rs\/hu\/hirek\/\" class=\"more-link\">Continue reading<span class=\"screen-reader-text\"> &#8222;hirek&#8221;<\/span><\/a><\/p>\n","protected":false},"author":1,"featured_media":0,"parent":0,"menu_order":4,"comment_status":"closed","ping_status":"closed","template":"","meta":{"ngg_post_thumbnail":0,"footnotes":""},"class_list":["post-208","page","type-page","status-publish","hentry"],"_links":{"self":[{"href":"https:\/\/www.banja-kanjiza.rs\/hu\/wp-json\/wp\/v2\/pages\/208","targetHints":{"allow":["GET"]}}],"collection":[{"href":"https:\/\/www.banja-kanjiza.rs\/hu\/wp-json\/wp\/v2\/pages"}],"about":[{"href":"https:\/\/www.banja-kanjiza.rs\/hu\/wp-json\/wp\/v2\/types\/page"}],"author":[{"embeddable":true,"href":"https:\/\/www.banja-kanjiza.rs\/hu\/wp-json\/wp\/v2\/users\/1"}],"replies":[{"embeddable":true,"href":"https:\/\/www.banja-kanjiza.rs\/hu\/wp-json\/wp\/v2\/comments?post=208"}],"version-history":[{"count":2,"href":"https:\/\/www.banja-kanjiza.rs\/hu\/wp-json\/wp\/v2\/pages\/208\/revisions"}],"predecessor-version":[{"id":462,"href":"https:\/\/www.banja-kanjiza.rs\/hu\/wp-json\/wp\/v2\/pages\/208\/revisions\/462"}],"wp:attachment":[{"href":"https:\/\/www.banja-kanjiza.rs\/hu\/wp-json\/wp\/v2\/media?parent=208"}],"curies":[{"name":"wp","href":"https:\/\/api.w.org\/{rel}","templated":true}]}}