{"id":212,"date":"2021-05-20T15:37:05","date_gmt":"2021-05-20T13:37:05","guid":{"rendered":"https:\/\/www.banja-kanjiza.rs\/hu\/rekreacio\/"},"modified":"2021-05-20T17:00:22","modified_gmt":"2021-05-20T15:00:22","slug":"rekreacio","status":"publish","type":"page","link":"https:\/\/www.banja-kanjiza.rs\/hu\/rekreacio\/","title":{"rendered":"rekreacio"},"content":{"rendered":"\n    \n    <section class=\"skrollable u-align-left u-clearfix u-shading u-uploaded-video u-video u-section-2\" id=\"wellness\">\n      <div style=\"filter: brightness(0.7);\" class=\"u-background-video u-expanded\">\n        <div class=\"embed-responsive\">\n          <video class=\"embed-responsive-item\" loop=\"\" muted=\"\" autoplay=\"autoplay\" playsinline=\"\">\n            <source src=\"https:\/\/www.banja-kanjiza.rs\/hu\/wp-content\/uploads\/sites\/5\/2021\/05\/swimfree.mp4\" type=\"video\/mp4\">\n            <p>Your browser does not support HTML5 video.<\/p>\n          <\/video>\n        <\/div>\n      <\/div>\n      <div class=\"u-clearfix u-sheet u-valign-middle u-sheet-1\">\n        <h2 class=\"u-align-center u-text u-text-1\">Sport \u00e9s rekre\u00e1ci\u00f3<\/h2>\n      <\/div>\n    <\/section>\n    <section class=\"u-clearfix u-palette-5-light-3 u-section-3\" id=\"sec-b855\">\n      <div class=\"u-clearfix u-sheet u-sheet-1\">\n        <div class=\"u-clearfix u-expanded-width u-gutter-0 u-layout-wrap u-layout-wrap-1\">\n          <div class=\"u-layout\">\n            <div class=\"u-layout-row\">\n              <div class=\"u-container-style u-layout-cell u-right-cell u-shape-rectangle u-size-30 u-layout-cell-1\">\n                <div class=\"u-container-layout u-container-layout-1\">\n                  <h2 class=\"u-align-center u-text u-text-black u-text-1\">Uszoda<\/h2>\n                  <p class=\"u-align-left u-large-text u-text u-text-variant u-text-2\">A Magyarkanizsai Gy\u00f3gyf\u00fcrd\u0151 k\u00e9t term\u00e1lvizes fedett medenc\u00e9vel rendelkezik.&nbsp;<br>\n                    <br>A nagy medence m\u00e9rete 25 m x 12,5 m.<br>\n                    <br>&nbsp;A nagy medence m\u00e9lys\u00e9ge 1,25 m \u00e9s 2,3 m k\u00f6z\u00f6tt van.&nbsp;<br>\n                    <br>Nagy medence h\u0151m\u00e9rs\u00e9klete: 29-31 \u00b0 C&nbsp;<br>\n                    <br>A kis medence m\u00e9rete 10 m x 8 m. A kis medence h\u0151m\u00e9rs\u00e9klete: 31-34 \u00b0 C.&nbsp;. \n                  <\/p>\n                <\/div>\n              <\/div>\n              <div class=\"u-container-style u-image u-layout-cell u-left-cell u-size-30 u-image-1\" src=\"\" data-image-width=\"1280\" data-image-height=\"960\">\n                <div class=\"u-container-layout u-container-layout-2\"><\/div>\n              <\/div>\n            <\/div>\n          <\/div>\n        <\/div>\n      <\/div>\n    <\/section>\n    <section class=\"u-clearfix u-lightbox u-palette-5-light-3 u-section-4\" id=\"sec-99f0\">\n      <div class=\"u-clearfix u-sheet u-sheet-1\">\n        <div class=\"u-expanded-width u-gallery u-layout-grid u-lightbox u-show-text-on-hover u-gallery-1\">\n          <div class=\"u-gallery-inner u-gallery-inner-1\">\n            <div class=\"u-effect-fade u-gallery-item\">\n              <div class=\"u-back-slide\" data-image-width=\"1280\" data-image-height=\"960\">\n                <img decoding=\"async\" class=\"u-back-image u-expanded u-image-contain\" src=\"https:\/\/www.banja-kanjiza.rs\/hu\/wp-content\/uploads\/sites\/5\/2021\/05\/baz1280.jpg\">\n              <\/div>\n              <div class=\"u-over-slide u-shading u-over-slide-1\">\n                <h3 class=\"u-gallery-heading\"><\/h3>\n                <p class=\"u-gallery-text\"><\/p>\n              <\/div>\n            <\/div>\n            <div class=\"u-effect-fade u-gallery-item\">\n              <div class=\"u-back-slide\" data-image-width=\"1280\" data-image-height=\"960\">\n                <img decoding=\"async\" class=\"u-back-image u-expanded u-image-contain\" src=\"https:\/\/www.banja-kanjiza.rs\/hu\/wp-content\/uploads\/sites\/5\/2021\/05\/baz1280-cs1.jpg\">\n              <\/div>\n              <div class=\"u-over-slide u-shading u-over-slide-2\">\n                <h3 class=\"u-gallery-heading\"><\/h3>\n                <p class=\"u-gallery-text\"><\/p>\n              <\/div>\n            <\/div>\n            <div class=\"u-effect-fade u-gallery-item\">\n              <div class=\"u-back-slide\" data-image-width=\"1280\" data-image-height=\"960\">\n                <img decoding=\"async\" class=\"u-back-image u-expanded u-image-contain\" src=\"https:\/\/www.banja-kanjiza.rs\/hu\/wp-content\/uploads\/sites\/5\/2021\/05\/baz1280-f.jpg\">\n              <\/div>\n              <div class=\"u-over-slide u-shading u-over-slide-3\">\n                <h3 class=\"u-gallery-heading\"><\/h3>\n                <p class=\"u-gallery-text\"><\/p>\n              <\/div>\n            <\/div>\n            <div class=\"u-effect-fade u-gallery-item\">\n              <div class=\"u-back-slide\" data-image-width=\"1280\" data-image-height=\"960\">\n                <img decoding=\"async\" class=\"u-back-image u-expanded u-image-contain\" src=\"https:\/\/www.banja-kanjiza.rs\/hu\/wp-content\/uploads\/sites\/5\/2021\/05\/baz1280-cs4.jpg\">\n              <\/div>\n              <div class=\"u-over-slide u-shading u-over-slide-4\">\n                <h3 class=\"u-gallery-heading\"><\/h3>\n                <p class=\"u-gallery-text\"><\/p>\n              <\/div>\n            <\/div>\n          <\/div>\n        <\/div>\n      <\/div>\n    <\/section>\n    <section class=\"u-clearfix u-lightbox u-palette-3-light-3 u-section-5\" id=\"sec-7db5\">\n      <div class=\"u-clearfix u-sheet u-sheet-1\">\n        <div class=\"u-clearfix u-layout-wrap u-layout-wrap-1\">\n          <div class=\"u-layout\">\n            <div class=\"u-layout-row\">\n              <div class=\"u-container-style u-layout-cell u-palette-3-light-3 u-size-30 u-layout-cell-1\">\n                <div class=\"u-container-layout u-valign-middle u-container-layout-1\">\n                  <h2 class=\"u-align-center u-text u-text-1\">\n                    <span style=\"font-weight: 400;\">Sportcsarnok<\/span>\n                  <\/h2>\n                  <p class=\"u-align-left u-large-text u-text u-text-variant u-text-2\">A sportcsarnok 40 x 20 m\u00e9ter nagys\u00e1g\u00fa.&nbsp;<br>A csarnok teljesen fel van szerelve,&nbsp;600 f\u00e9r\u0151helyes ,&nbsp;<br>alkalmas bajnoki m\u00e9rk\u0151z\u00e9sek,&nbsp;k\u00fcl\u00f6nb\u00f6z\u0151 rendezv\u00e9nyek,&nbsp;<br>koncertek \u00e9s&nbsp;szabadid\u0151s tev\u00e9kenys\u00e9gek szervez\u00e9s\u00e9re. \n                  <\/p>\n                <\/div>\n              <\/div>\n              <div class=\"u-align-center u-container-style u-layout-cell u-shape-rectangle u-size-30 u-layout-cell-2\">\n                <div class=\"u-container-layout u-container-layout-2\">\n                  <img decoding=\"async\" class=\"u-align-center-sm u-align-center-xs u-image u-image-1\" src=\"https:\/\/www.banja-kanjiza.rs\/hu\/wp-content\/uploads\/sites\/5\/2021\/05\/sport21.jpg\" data-image-width=\"1280\" data-image-height=\"960\">\n                <\/div>\n              <\/div>\n            <\/div>\n          <\/div>\n        <\/div>\n      <\/div>\n    <\/section>\n    <section class=\"u-clearfix u-palette-3-light-3 u-section-6\" id=\"sec-6167\">\n      <div class=\"u-clearfix u-sheet u-valign-middle u-sheet-1\">\n        <div class=\"u-expanded-width u-gallery u-layout-grid u-lightbox u-show-text-on-hover u-gallery-1\">\n          <div class=\"u-gallery-inner u-gallery-inner-1\">\n            <div class=\"u-effect-fade u-gallery-item\">\n              <div class=\"u-back-slide\" data-image-width=\"1280\" data-image-height=\"960\">\n                <img decoding=\"async\" class=\"u-back-image u-expanded u-image-contain\" src=\"https:\/\/www.banja-kanjiza.rs\/hu\/wp-content\/uploads\/sites\/5\/2021\/05\/sport1.jpg\">\n              <\/div>\n              <div class=\"u-over-slide u-shading u-over-slide-1\">\n                <h3 class=\"u-gallery-heading\"><\/h3>\n                <p class=\"u-gallery-text\"><\/p>\n              <\/div>\n            <\/div>\n            <div class=\"u-effect-fade u-gallery-item\">\n              <div class=\"u-back-slide\" data-image-width=\"1280\" data-image-height=\"960\">\n                <img decoding=\"async\" class=\"u-back-image u-expanded u-image-contain\" src=\"https:\/\/www.banja-kanjiza.rs\/hu\/wp-content\/uploads\/sites\/5\/2021\/05\/sport3.jpg\">\n              <\/div>\n              <div class=\"u-over-slide u-shading u-over-slide-2\">\n                <h3 class=\"u-gallery-heading\"><\/h3>\n                <p class=\"u-gallery-text\"><\/p>\n              <\/div>\n            <\/div>\n            <div class=\"u-effect-fade u-gallery-item\">\n              <div class=\"u-back-slide\" data-image-width=\"1280\" data-image-height=\"960\">\n                <img decoding=\"async\" class=\"u-back-image u-expanded u-image-contain\" src=\"https:\/\/www.banja-kanjiza.rs\/hu\/wp-content\/uploads\/sites\/5\/2021\/05\/sport4.jpg\">\n              <\/div>\n              <div class=\"u-over-slide u-shading u-over-slide-3\">\n                <h3 class=\"u-gallery-heading\"><\/h3>\n                <p class=\"u-gallery-text\"><\/p>\n              <\/div>\n            <\/div>\n            <div class=\"u-effect-fade u-gallery-item\">\n              <div class=\"u-back-slide\" data-image-width=\"1280\" data-image-height=\"960\">\n                <img decoding=\"async\" class=\"u-back-image u-expanded u-image-contain\" src=\"https:\/\/www.banja-kanjiza.rs\/hu\/wp-content\/uploads\/sites\/5\/2021\/05\/sport6.jpg\">\n              <\/div>\n              <div class=\"u-over-slide u-shading u-over-slide-4\">\n                <h3 class=\"u-gallery-heading\"><\/h3>\n                <p class=\"u-gallery-text\"><\/p>\n              <\/div>\n            <\/div>\n          <\/div>\n        <\/div>\n      <\/div>\n    <\/section>\n    <section class=\"u-clearfix u-gradient u-section-7\" id=\"sec-927d\">\n      <div class=\"u-clearfix u-sheet u-sheet-1\">\n        <div class=\"u-clearfix u-expanded-width u-layout-wrap u-layout-wrap-1\">\n          <div class=\"u-layout\">\n            <div class=\"u-layout-row\">\n              <div class=\"u-container-style u-layout-cell u-left-cell u-size-25 u-layout-cell-1\">\n                <div class=\"u-container-layout u-valign-middle u-container-layout-1\">\n                  <h2 class=\"u-align-center u-custom-font u-text u-text-black u-text-1\">Tenisz \u00e9s aztalitenisz<\/h2>\n                <\/div>\n              <\/div>\n              <div class=\"u-container-style u-layout-cell u-right-cell u-size-35 u-layout-cell-2\">\n                <div class=\"u-container-layout u-container-layout-2\"><span class=\"u-align-left u-icon u-icon-circle u-text-palette-1-base u-icon-1\"><svg class=\"u-svg-link\" preserveAspectRatio=\"xMidYMin slice\" viewBox=\"0 0 20.419 20.419\" style=\"\"><use xmlns:xlink=\"http:\/\/www.w3.org\/1999\/xlink\" xlink:href=\"#svg-c0bf\"><\/use><\/svg><svg class=\"u-svg-content\" viewBox=\"0 0 20.419 20.419\" x=\"0px\" y=\"0px\" id=\"svg-c0bf\" style=\"enable-background:new 0 0 20.419 20.419;\"><g><g><path style=\"fill:currentColor;\" d=\"M18.982,18.338l-3.753-4.232l0.012-0.008l-0.045-0.029l-0.883-0.996    c-0.085-0.098-0.187-0.173-0.293-0.237c-0.497-0.77-1.006-1.988-1.036-3.751c0.148-0.53,0.219-1.099,0.204-1.698    c-0.007-0.276-0.074-0.63-0.163-0.992c-0.215,0.116-0.444,0.201-0.681,0.264C12.63,8.38,12.178,10.018,10.961,11    c-2.029,1.643-5.399,0.84-7.526-1.791S1.228,3.115,3.257,1.474c1.583-1.28,3.98-1.068,5.97,0.334    c0.06-0.073,0.117-0.148,0.185-0.216C9.5,1.503,9.595,1.425,9.693,1.349C8.881,0.771,8.226,0.465,8.226,0.465    s-1.298-0.502-2.31-0.463c-1.182,0-2.255,0.375-3.101,1.082C0.502,3.021,0.567,6.921,2.958,9.776    c1.333,1.589,3.169,2.578,4.986,2.719l-0.001,0.029c0.026,0.002,2.333,0.13,4.392,2.057c0.033,0.051,0.067,0.103,0.109,0.148    l4.668,5.27c0.456,0.516,1.246,0.563,1.765,0.104C19.394,19.646,19.441,18.856,18.982,18.338z M12.551,12.966    c-0.248,0.218-0.385,0.513-0.413,0.817c-0.912-0.728-1.825-1.152-2.566-1.396c0.716-0.166,1.367-0.482,1.919-0.945    c0.45-0.376,0.813-0.832,1.09-1.345c0.132,1.078,0.438,1.92,0.778,2.56C13.07,12.661,12.783,12.761,12.551,12.966z\"><\/path><path style=\"fill:currentColor;\" d=\"M8.903,3.733c0.59,0.069,1.216,0.37,1.73,0.884c0.515,0.515,0.816,1.143,0.884,1.731    c0.538-0.049,1.062-0.282,1.473-0.693c0.412-0.411,0.643-0.935,0.692-1.472c-0.588-0.069-1.215-0.37-1.73-0.884    c-0.514-0.515-0.815-1.142-0.884-1.731c-0.538,0.05-1.061,0.281-1.473,0.693C9.185,2.673,8.954,3.196,8.903,3.733z\"><\/path><path style=\"fill:currentColor;\" d=\"M13.691,3.885c-0.017-0.589-0.25-1.174-0.7-1.625c-0.45-0.449-1.035-0.683-1.626-0.702    c0.066,0.516,0.34,1.07,0.799,1.529C12.623,3.547,13.177,3.819,13.691,3.885z\"><\/path><path style=\"fill:currentColor;\" d=\"M8.895,4.031c0.018,0.59,0.25,1.175,0.701,1.625c0.45,0.45,1.035,0.685,1.624,0.701    c-0.065-0.514-0.339-1.068-0.798-1.527C9.964,4.371,9.409,4.098,8.895,4.031z\"><\/path>\n<\/g>\n<\/g><\/svg><\/span>\n                  <p class=\"u-large-text u-text u-text-variant u-text-2\">\n                    <span style=\"font-weight: 700;\">Tenisz<\/span>\n                    <br>\n                    <span style=\"font-size: 1.25rem; background-color: transparent; color: #111111; font-family: Livvic;\">K\u00e9t szabadt\u00e9ri teniszp\u00e1lya teljes felszerel\u00e9ssel \u00e9s kell\u00e9kek rendelkezik.<\/span>\n                    <br>\n                    <br>\n                    <span style=\"font-weight: 700;\">Asztalitenisz<\/span>&nbsp;<br>A sportcsarnok el\u0151tti hallban a vend\u00e9gek haszn\u00e1lhatj\u00e1k a k\u00e9t asztalitenisz asztalt.<span style=\"font-size: 1.125rem; font-weight: 700;\">\n                      <br>\n                    <\/span>\n                  <\/p><span class=\"u-icon u-icon-circle u-text-black u-icon-2\"><svg class=\"u-svg-link\" preserveAspectRatio=\"xMidYMin slice\" viewBox=\"0 0 512 512\" style=\"\"><use xmlns:xlink=\"http:\/\/www.w3.org\/1999\/xlink\" xlink:href=\"#svg-f6ff\"><\/use><\/svg><svg class=\"u-svg-content\" viewBox=\"0 0 512 512\" id=\"svg-f6ff\"><g><path d=\"m512 144.777c0-38.495-30.365-70.027-68.392-71.893-.204-.375-.461-.716-.805-.995-42.5-34.552-96.405-49.36-149.265-41.346-10.461-7.232-20.861-12.862-30.933-16.706-62.08-23.692-127.732-16.695-180.115 19.198-51.352 35.185-82.189 93.319-82.488 155.506-.416 86.597 58.001 162.067 140.566 184.006l-.67 100.421c-.05 10.348 3.932 20.096 11.21 27.448 7.281 7.354 16.989 11.432 27.336 11.482l18.373.088h.074c.139 0 .274-.017.412-.021.135.001.271.012.406.012 13.942 0 27.433-7.538 34.346-20.699l46.876-88.832c49.57 11.553 101.843 2.626 145.189-25.163 47.851-30.677 78.647-80.087 86.716-139.129 2.552-18.683.797-41.464-4.917-64.465 3.9-8.856 6.081-18.632 6.081-28.912zm-30 0c0 23.15-18.823 41.984-41.96 41.984s-41.96-18.834-41.96-41.984 18.823-41.984 41.96-41.984 41.96 18.834 41.96 41.984zm-382.553-86.994c44.117-30.229 99.649-36.04 152.367-15.952-41.75 16.559-76.404 47.437-97.69 87.958-23.342 44.437-27.417 94.663-14.418 140.239l-88.085-.424c-13.919-23.927-21.759-51.666-21.618-80.919.25-52.345 26.211-101.28 69.444-130.902zm-25.191 241.93 76.855.37c10.287 21.441 24.699 41.138 42.981 57.784l-23.723 44.957.281-42.085c.048-7.209-5.039-13.432-12.113-14.82-33.148-6.501-62.211-23.098-84.281-46.206zm201.351 70.799c-6.879-2.088-14.27.996-17.625 7.353l-52.472 99.438c-2.242 4.268-7.532 5.918-11.797 3.679l-16.266-8.544c-4.263-2.239-5.907-7.534-3.678-11.777l52.458-99.412c3.364-6.375 1.717-14.243-3.922-18.734-26.422-21.043-44.569-49.165-53.508-79.844l202.95 106.61c-30.908 10.235-64.432 10.86-96.14 1.231zm205.506-136.42c-6.858 50.194-32.85 92.077-73.183 117.935-.685.439-1.378.859-2.068 1.287l-243.28-127.796c-1.328-27.649 4.496-55.88 18.1-81.778 22.336-42.52 62.155-72.445 109.249-82.102 39.608-8.124 80.474-.742 115.127 20.265-22.037 12.318-36.978 35.878-36.978 62.874 0 39.692 32.281 71.984 71.96 71.984 15.221 0 29.343-4.765 40.982-12.863 1.259 10.956 1.313 21.248.091 30.194z\"><\/path>\n<\/g><\/svg><\/span>\n                <\/div>\n              <\/div>\n            <\/div>\n          <\/div>\n        <\/div>\n        <div class=\"u-expanded-width u-gallery u-layout-grid u-lightbox u-show-text-on-hover u-gallery-1\">\n          <div class=\"u-gallery-inner u-gallery-inner-1\">\n            <div class=\"u-effect-fade u-gallery-item\">\n              <div class=\"u-back-slide\" data-image-width=\"1280\" data-image-height=\"960\">\n                <img decoding=\"async\" class=\"u-back-image u-expanded\" src=\"https:\/\/www.banja-kanjiza.rs\/hu\/wp-content\/uploads\/sites\/5\/2021\/05\/tenis12801.jpg\">\n              <\/div>\n              <div class=\"u-over-slide u-shading u-over-slide-1\">\n                <h3 class=\"u-gallery-heading\"><\/h3>\n                <p class=\"u-gallery-text\"><\/p>\n              <\/div>\n            <\/div>\n            <div class=\"u-effect-fade u-gallery-item\">\n              <div class=\"u-back-slide\" data-image-width=\"1280\" data-image-height=\"960\">\n                <img decoding=\"async\" class=\"u-back-image u-expanded\" src=\"https:\/\/www.banja-kanjiza.rs\/hu\/wp-content\/uploads\/sites\/5\/2021\/05\/sport511.jpg\">\n              <\/div>\n              <div class=\"u-over-slide u-shading u-over-slide-2\">\n                <h3 class=\"u-gallery-heading\"><\/h3>\n                <p class=\"u-gallery-text\"><\/p>\n              <\/div>\n            <\/div>\n          <\/div>\n        <\/div>\n      <\/div>\n    <\/section>\n    <section class=\"u-clearfix u-grey-5 u-lightbox u-section-8\" id=\"sec-6772\">\n      <div class=\"u-clearfix u-sheet u-sheet-1\">\n        <div class=\"u-clearfix u-expanded-width u-layout-wrap u-layout-wrap-1\">\n          <div class=\"u-layout\">\n            <div class=\"u-layout-row\">\n              <div class=\"u-container-style u-layout-cell u-shape-rectangle u-size-30 u-layout-cell-1\">\n                <div class=\"u-container-layout u-valign-middle u-container-layout-1\">\n                  <h2 class=\"u-align-center u-text u-text-black u-text-1\">Tornaterem<\/h2>\n                  <p class=\"u-align-left u-large-text u-text u-text-variant u-text-2\">Az edz\u0151terem 12 \u00e1ll\u00e1ssal, szobaker\u00e9kp\u00e1rokkal \u00e9s matracokkal van felszerelve \u00e9s teret biztos\u00edt s\u00falyemel\u00e9sre, fitneszre \u00e9s k\u00fcl\u00f6nb\u00f6z\u0151 gyakorlatokra.<\/p>\n                <\/div>\n              <\/div>\n              <div class=\"u-align-center u-container-style u-image u-layout-cell u-size-30 u-image-1\" data-image-width=\"1280\" data-image-height=\"960\">\n                <div class=\"u-container-layout u-container-layout-2\"><\/div>\n              <\/div>\n            <\/div>\n          <\/div>\n        <\/div>\n      <\/div>\n    <\/section>\n    <section class=\"u-clearfix u-lightbox u-palette-5-light-3 u-section-9\" id=\"sec-50a0\">\n      <div class=\"u-clearfix u-sheet u-valign-middle u-sheet-1\">\n        <div class=\"u-expanded-width u-gallery u-layout-grid u-lightbox u-show-text-on-hover u-gallery-1\">\n          <div class=\"u-gallery-inner u-gallery-inner-1\">\n            <div class=\"u-effect-fade u-gallery-item\">\n              <div class=\"u-back-slide\" data-image-width=\"1280\" data-image-height=\"960\">\n                <img decoding=\"async\" class=\"u-back-image u-expanded u-image-contain\" src=\"https:\/\/www.banja-kanjiza.rs\/hu\/wp-content\/uploads\/sites\/5\/2021\/05\/ter0.jpg\">\n              <\/div>\n              <div class=\"u-over-slide u-shading u-over-slide-1\">\n                <h3 class=\"u-gallery-heading\"><\/h3>\n                <p class=\"u-gallery-text\"><\/p>\n              <\/div>\n            <\/div>\n            <div class=\"u-effect-fade u-gallery-item\">\n              <div class=\"u-back-slide\" data-image-width=\"1280\" data-image-height=\"960\">\n                <img decoding=\"async\" class=\"u-back-image u-expanded u-image-contain\" src=\"https:\/\/www.banja-kanjiza.rs\/hu\/wp-content\/uploads\/sites\/5\/2021\/05\/ter4.jpg\">\n              <\/div>\n              <div class=\"u-over-slide u-shading u-over-slide-2\">\n                <h3 class=\"u-gallery-heading\"><\/h3>\n                <p class=\"u-gallery-text\"><\/p>\n              <\/div>\n            <\/div>\n            <div class=\"u-effect-fade u-gallery-item\">\n              <div class=\"u-back-slide\" data-image-width=\"1280\" data-image-height=\"960\">\n                <img decoding=\"async\" class=\"u-back-image u-expanded u-image-contain\" src=\"https:\/\/www.banja-kanjiza.rs\/hu\/wp-content\/uploads\/sites\/5\/2021\/05\/ter5.jpg\">\n              <\/div>\n              <div class=\"u-over-slide u-shading u-over-slide-3\">\n                <h3 class=\"u-gallery-heading\"><\/h3>\n                <p class=\"u-gallery-text\"><\/p>\n              <\/div>\n            <\/div>\n            <div class=\"u-effect-fade u-gallery-item\">\n              <div class=\"u-back-slide\" data-image-width=\"1280\" data-image-height=\"960\">\n                <img decoding=\"async\" class=\"u-back-image u-expanded u-image-contain\" src=\"https:\/\/www.banja-kanjiza.rs\/hu\/wp-content\/uploads\/sites\/5\/2021\/05\/ter1.jpg\">\n              <\/div>\n              <div class=\"u-over-slide u-shading u-over-slide-4\">\n                <h3 class=\"u-gallery-heading\"><\/h3>\n                <p class=\"u-gallery-text\"><\/p>\n              <\/div>\n            <\/div>\n          <\/div>\n        <\/div>\n      <\/div>\n    <\/section>\n    \n    \n  \n","protected":false},"excerpt":{"rendered":"<p>Your browser does not support HTML5 video. Sport \u00e9s rekre\u00e1ci\u00f3 Uszoda A Magyarkanizsai Gy\u00f3gyf\u00fcrd\u0151 k\u00e9t term\u00e1lvizes fedett medenc\u00e9vel rendelkezik.&nbsp; A nagy medence m\u00e9rete 25 m x 12,5 m. &nbsp;A nagy medence m\u00e9lys\u00e9ge 1,25 m \u00e9s 2,3 m k\u00f6z\u00f6tt van.&nbsp; Nagy medence h\u0151m\u00e9rs\u00e9klete: 29-31 \u00b0 C&nbsp; A kis medence m\u00e9rete 10 m x 8 m. A &hellip; <a href=\"https:\/\/www.banja-kanjiza.rs\/hu\/rekreacio\/\" class=\"more-link\">Continue reading<span class=\"screen-reader-text\"> &#8222;rekreacio&#8221;<\/span><\/a><\/p>\n","protected":false},"author":1,"featured_media":0,"parent":0,"menu_order":8,"comment_status":"closed","ping_status":"closed","template":"","meta":{"ngg_post_thumbnail":0,"footnotes":""},"class_list":["post-212","page","type-page","status-publish","hentry"],"_links":{"self":[{"href":"https:\/\/www.banja-kanjiza.rs\/hu\/wp-json\/wp\/v2\/pages\/212","targetHints":{"allow":["GET"]}}],"collection":[{"href":"https:\/\/www.banja-kanjiza.rs\/hu\/wp-json\/wp\/v2\/pages"}],"about":[{"href":"https:\/\/www.banja-kanjiza.rs\/hu\/wp-json\/wp\/v2\/types\/page"}],"author":[{"embeddable":true,"href":"https:\/\/www.banja-kanjiza.rs\/hu\/wp-json\/wp\/v2\/users\/1"}],"replies":[{"embeddable":true,"href":"https:\/\/www.banja-kanjiza.rs\/hu\/wp-json\/wp\/v2\/comments?post=212"}],"version-history":[{"count":2,"href":"https:\/\/www.banja-kanjiza.rs\/hu\/wp-json\/wp\/v2\/pages\/212\/revisions"}],"predecessor-version":[{"id":276,"href":"https:\/\/www.banja-kanjiza.rs\/hu\/wp-json\/wp\/v2\/pages\/212\/revisions\/276"}],"wp:attachment":[{"href":"https:\/\/www.banja-kanjiza.rs\/hu\/wp-json\/wp\/v2\/media?parent=212"}],"curies":[{"name":"wp","href":"https:\/\/api.w.org\/{rel}","templated":true}]}}