{"id":288,"date":"2021-05-20T17:18:30","date_gmt":"2021-05-20T15:18:30","guid":{"rendered":"https:\/\/www.banja-kanjiza.rs\/hu\/?page_id=288"},"modified":"2021-05-20T18:00:22","modified_gmt":"2021-05-20T16:00:22","slug":"galeria-2019","status":"publish","type":"page","link":"https:\/\/www.banja-kanjiza.rs\/hu\/galeria-2019\/","title":{"rendered":"2019"},"content":{"rendered":"\n    \n    <section class=\"skrollable u-clearfix u-image u-parallax u-shading u-section-2\" id=\"sec-22f4\" data-image-width=\"1280\" data-image-height=\"853\">\n      <div class=\"u-clearfix u-sheet u-valign-middle-lg u-valign-middle-xl u-valign-middle-xs u-sheet-1\">\n        <h2 class=\"u-align-center u-text u-text-body-alt-color u-text-1\">2019<\/h2>\n      <\/div>\n    <\/section>\n    <section class=\"u-align-center u-clearfix u-lightbox u-palette-3-light-3 u-section-3\" id=\"sec-4bef\">\n      <div class=\"u-clearfix u-sheet u-valign-middle u-sheet-1\">\n        <h2 class=\"u-align-center u-text u-text-1\">Belgr\u00e1di Eg\u00e9szs\u00e9g\u00fcgyi Fesztiv\u00e1l 2019<\/h2>\n        <div class=\"u-expanded-width u-gallery u-layout-grid u-lightbox u-show-text-on-hover u-gallery-1\">\n          <div class=\"u-gallery-inner u-gallery-inner-1\">\n            <div class=\"u-effect-fade u-gallery-item\">\n              <div class=\"u-back-slide\" data-image-width=\"800\" data-image-height=\"600\">\n                <img decoding=\"async\" class=\"u-back-image u-expanded\" src=\"https:\/\/www.banja-kanjiza.rs\/hu\/wp-content\/uploads\/sites\/5\/2021\/05\/fzbN0199.jpg\" alt=\"\">\n              <\/div>\n              <div class=\"u-over-slide u-shading u-valign-middle u-over-slide-1\">\n                <h3 class=\"u-gallery-heading\"><\/h3>\n                <p class=\"u-gallery-text\"><\/p>\n              <\/div>\n            <\/div>\n            <div class=\"u-effect-fade u-gallery-item\">\n              <div class=\"u-back-slide\" data-image-width=\"800\" data-image-height=\"600\">\n                <img decoding=\"async\" class=\"u-back-image u-expanded\" src=\"https:\/\/www.banja-kanjiza.rs\/hu\/wp-content\/uploads\/sites\/5\/2021\/05\/fzbN0202.jpg\" alt=\"\">\n              <\/div>\n              <div class=\"u-over-slide u-shading u-valign-middle u-over-slide-2\">\n                <h3 class=\"u-gallery-heading\"><\/h3>\n                <p class=\"u-gallery-text\"><\/p>\n              <\/div>\n            <\/div>\n            <div class=\"u-effect-fade u-gallery-item\">\n              <div class=\"u-back-slide\" data-image-width=\"800\" data-image-height=\"600\">\n                <img decoding=\"async\" class=\"u-back-image u-expanded\" src=\"https:\/\/www.banja-kanjiza.rs\/hu\/wp-content\/uploads\/sites\/5\/2021\/05\/fzbN0204.jpg\" alt=\"\">\n              <\/div>\n              <div class=\"u-over-slide u-shading u-valign-middle u-over-slide-3\">\n                <h3 class=\"u-gallery-heading\"><\/h3>\n                <p class=\"u-gallery-text\"><\/p>\n              <\/div>\n            <\/div>\n            <div class=\"u-effect-fade u-gallery-item\">\n              <div class=\"u-back-slide\" data-image-width=\"800\" data-image-height=\"600\">\n                <img decoding=\"async\" class=\"u-back-image u-expanded\" src=\"https:\/\/www.banja-kanjiza.rs\/hu\/wp-content\/uploads\/sites\/5\/2021\/05\/fzbN0206.jpg\" alt=\"\">\n              <\/div>\n              <div class=\"u-over-slide u-shading u-valign-middle u-over-slide-4\">\n                <h3 class=\"u-gallery-heading\"><\/h3>\n                <p class=\"u-gallery-text\"><\/p>\n              <\/div>\n            <\/div>\n            <div class=\"u-effect-fade u-gallery-item\">\n              <div class=\"u-back-slide\" data-image-width=\"800\" data-image-height=\"600\">\n                <img decoding=\"async\" class=\"u-back-image u-expanded\" src=\"https:\/\/www.banja-kanjiza.rs\/hu\/wp-content\/uploads\/sites\/5\/2021\/05\/fzbN0207.jpg\" alt=\"\">\n              <\/div>\n              <div class=\"u-over-slide u-shading u-valign-middle u-over-slide-5\">\n                <h3 class=\"u-gallery-heading\"><\/h3>\n                <p class=\"u-gallery-text\"><\/p>\n              <\/div>\n            <\/div>\n            <div class=\"u-effect-fade u-gallery-item\">\n              <div class=\"u-back-slide\" data-image-width=\"800\" data-image-height=\"600\">\n                <img decoding=\"async\" class=\"u-back-image u-expanded\" src=\"https:\/\/www.banja-kanjiza.rs\/hu\/wp-content\/uploads\/sites\/5\/2021\/05\/fzbN0210.jpg\" alt=\"\">\n              <\/div>\n              <div class=\"u-over-slide u-shading u-valign-middle u-over-slide-6\">\n                <h3 class=\"u-gallery-heading\"><\/h3>\n                <p class=\"u-gallery-text\"><\/p>\n              <\/div>\n            <\/div>\n            <div class=\"u-effect-fade u-gallery-item\">\n              <div class=\"u-back-slide\" data-image-width=\"800\" data-image-height=\"600\">\n                <img decoding=\"async\" class=\"u-back-image u-expanded\" src=\"https:\/\/www.banja-kanjiza.rs\/hu\/wp-content\/uploads\/sites\/5\/2021\/05\/fzbN0211.jpg\" alt=\"\">\n              <\/div>\n              <div class=\"u-over-slide u-shading u-valign-middle u-over-slide-7\">\n                <h3 class=\"u-gallery-heading\"><\/h3>\n                <p class=\"u-gallery-text\"><\/p>\n              <\/div>\n            <\/div>\n            <div class=\"u-effect-fade u-gallery-item\">\n              <div class=\"u-back-slide\" data-image-width=\"800\" data-image-height=\"600\">\n                <img decoding=\"async\" class=\"u-back-image u-expanded\" src=\"https:\/\/www.banja-kanjiza.rs\/hu\/wp-content\/uploads\/sites\/5\/2021\/05\/fzbN0212.jpg\" alt=\"\">\n              <\/div>\n              <div class=\"u-over-slide u-shading u-valign-middle u-over-slide-8\">\n                <h3 class=\"u-gallery-heading\"><\/h3>\n                <p class=\"u-gallery-text\"><\/p>\n              <\/div>\n            <\/div>\n          <\/div>\n        <\/div>\n      <\/div>\n    <\/section>\n    <section class=\"u-align-center u-clearfix u-lightbox u-white u-section-4\" id=\"sec-9bee\">\n      <div class=\"u-clearfix u-sheet u-sheet-1\">\n        <h2 class=\"u-text u-text-1\">Sportisti u Banji<\/h2>\n        <div class=\"u-expanded-width u-gallery u-layout-grid u-lightbox u-show-text-on-hover u-gallery-1\">\n          <div class=\"u-gallery-inner u-gallery-inner-1\">\n            <div class=\"u-effect-fade u-gallery-item\">\n              <div class=\"u-back-slide\" data-image-width=\"800\" data-image-height=\"600\">\n                <img decoding=\"async\" class=\"u-back-image u-expanded\" src=\"https:\/\/www.banja-kanjiza.rs\/hu\/wp-content\/uploads\/sites\/5\/2021\/05\/67676127_1982583271841153_7550578237517070336_o.jpg\" alt=\"\">\n              <\/div>\n              <div class=\"u-over-slide u-shading u-valign-middle u-over-slide-1\">\n                <h3 class=\"u-gallery-heading\"><\/h3>\n                <p class=\"u-gallery-text\"><\/p>\n              <\/div>\n            <\/div>\n            <div class=\"u-effect-fade u-gallery-item\">\n              <div class=\"u-back-slide\" data-image-width=\"800\" data-image-height=\"600\">\n                <img decoding=\"async\" class=\"u-back-image u-expanded\" src=\"https:\/\/www.banja-kanjiza.rs\/hu\/wp-content\/uploads\/sites\/5\/2021\/05\/67964428_1971462786286535_7527894634031218688_o.jpg\" alt=\"\">\n              <\/div>\n              <div class=\"u-over-slide u-shading u-valign-middle u-over-slide-2\">\n                <h3 class=\"u-gallery-heading\"><\/h3>\n                <p class=\"u-gallery-text\"><\/p>\n              <\/div>\n            <\/div>\n            <div class=\"u-effect-fade u-gallery-item\">\n              <div class=\"u-back-slide\" data-image-width=\"800\" data-image-height=\"600\">\n                <img decoding=\"async\" class=\"u-back-image u-expanded\" src=\"https:\/\/www.banja-kanjiza.rs\/hu\/wp-content\/uploads\/sites\/5\/2021\/05\/69615842_2017170911715722_6583983907543187456_o.jpg\" alt=\"\">\n              <\/div>\n              <div class=\"u-over-slide u-shading u-valign-middle u-over-slide-3\">\n                <h3 class=\"u-gallery-heading\"><\/h3>\n                <p class=\"u-gallery-text\"><\/p>\n              <\/div>\n            <\/div>\n            <div class=\"u-effect-fade u-gallery-item\">\n              <div class=\"u-back-slide\" data-image-width=\"800\" data-image-height=\"600\">\n                <img decoding=\"async\" class=\"u-back-image u-expanded\" src=\"https:\/\/www.banja-kanjiza.rs\/hu\/wp-content\/uploads\/sites\/5\/2021\/05\/71719182_2064343396998473_6490374463966674944_o.jpg\" alt=\"\">\n              <\/div>\n              <div class=\"u-over-slide u-shading u-valign-middle u-over-slide-4\">\n                <h3 class=\"u-gallery-heading\"><\/h3>\n                <p class=\"u-gallery-text\"><\/p>\n              <\/div>\n            <\/div>\n          <\/div>\n        <\/div>\n      <\/div>\n    <\/section>\n    <section class=\"u-align-center u-clearfix u-lightbox u-palette-3-light-3 u-section-5\" id=\"sec-303a\">\n      <div class=\"u-clearfix u-sheet u-sheet-1\">\n        <h2 class=\"u-text u-text-1\">Zelena nedelja u Vojvodini<\/h2>\n        <div class=\"u-expanded-width u-gallery u-layout-grid u-lightbox u-show-text-on-hover u-gallery-1\">\n          <div class=\"u-gallery-inner u-gallery-inner-1\">\n            <div class=\"u-effect-fade u-gallery-item\">\n              <div class=\"u-back-slide\" data-image-width=\"800\" data-image-height=\"600\">\n                <img decoding=\"async\" class=\"u-back-image u-expanded\" src=\"https:\/\/www.banja-kanjiza.rs\/hu\/wp-content\/uploads\/sites\/5\/2021\/05\/78147968_2201450766621068_7402786961162764288_n.jpg\" alt=\"\">\n              <\/div>\n              <div class=\"u-over-slide u-shading u-valign-middle u-over-slide-1\">\n                <h3 class=\"u-gallery-heading\"><\/h3>\n                <p class=\"u-gallery-text\"><\/p>\n              <\/div>\n            <\/div>\n            <div class=\"u-effect-fade u-gallery-item\">\n              <div class=\"u-back-slide\" data-image-width=\"800\" data-image-height=\"600\">\n                <img decoding=\"async\" class=\"u-back-image u-expanded\" src=\"https:\/\/www.banja-kanjiza.rs\/hu\/wp-content\/uploads\/sites\/5\/2021\/05\/78173753_2201450759954402_548563127239704576_n.jpg\" alt=\"\">\n              <\/div>\n              <div class=\"u-over-slide u-shading u-valign-middle u-over-slide-2\">\n                <h3 class=\"u-gallery-heading\"><\/h3>\n                <p class=\"u-gallery-text\"><\/p>\n              <\/div>\n            <\/div>\n            <div class=\"u-effect-fade u-gallery-item\">\n              <div class=\"u-back-slide\" data-image-width=\"800\" data-image-height=\"600\">\n                <img decoding=\"async\" class=\"u-back-image u-expanded\" src=\"https:\/\/www.banja-kanjiza.rs\/hu\/wp-content\/uploads\/sites\/5\/2021\/05\/78339442_2201450916621053_1073781122950758400_n.jpg\" alt=\"\">\n              <\/div>\n              <div class=\"u-over-slide u-shading u-valign-middle u-over-slide-3\">\n                <h3 class=\"u-gallery-heading\"><\/h3>\n                <p class=\"u-gallery-text\"><\/p>\n              <\/div>\n            <\/div>\n            <div class=\"u-effect-fade u-gallery-item\">\n              <div class=\"u-back-slide\" data-image-width=\"800\" data-image-height=\"600\">\n                <img decoding=\"async\" class=\"u-back-image u-expanded\" src=\"https:\/\/www.banja-kanjiza.rs\/hu\/wp-content\/uploads\/sites\/5\/2021\/05\/78361171_2201450943287717_3832179944176222208_n.jpg\" alt=\"\">\n              <\/div>\n              <div class=\"u-over-slide u-shading u-valign-middle u-over-slide-4\">\n                <h3 class=\"u-gallery-heading\"><\/h3>\n                <p class=\"u-gallery-text\"><\/p>\n              <\/div>\n            <\/div>\n            <div class=\"u-effect-fade u-gallery-item\">\n              <div class=\"u-back-slide\" data-image-width=\"800\" data-image-height=\"600\">\n                <img decoding=\"async\" class=\"u-back-image u-expanded\" src=\"https:\/\/www.banja-kanjiza.rs\/hu\/wp-content\/uploads\/sites\/5\/2021\/05\/78435206_2201450449954433_7745069865806856192_n.jpg\" alt=\"\">\n              <\/div>\n              <div class=\"u-over-slide u-shading u-valign-middle u-over-slide-5\">\n                <h3 class=\"u-gallery-heading\"><\/h3>\n                <p class=\"u-gallery-text\"><\/p>\n              <\/div>\n            <\/div>\n            <div class=\"u-effect-fade u-gallery-item\">\n              <div class=\"u-back-slide\" data-image-width=\"800\" data-image-height=\"600\">\n                <img decoding=\"async\" class=\"u-back-image u-expanded\" src=\"https:\/\/www.banja-kanjiza.rs\/hu\/wp-content\/uploads\/sites\/5\/2021\/05\/78481930_2201450753287736_1854667466546872320_n.jpg\" alt=\"\">\n              <\/div>\n              <div class=\"u-over-slide u-shading u-valign-middle u-over-slide-6\">\n                <h3 class=\"u-gallery-heading\"><\/h3>\n                <p class=\"u-gallery-text\"><\/p>\n              <\/div>\n            <\/div>\n            <div class=\"u-effect-fade u-gallery-item\">\n              <div class=\"u-back-slide\" data-image-width=\"800\" data-image-height=\"600\">\n                <img decoding=\"async\" class=\"u-back-image u-expanded\" src=\"https:\/\/www.banja-kanjiza.rs\/hu\/wp-content\/uploads\/sites\/5\/2021\/05\/78648990_2201451029954375_391764806249480192_n.jpg\" alt=\"\">\n              <\/div>\n              <div class=\"u-over-slide u-shading u-valign-middle u-over-slide-7\">\n                <h3 class=\"u-gallery-heading\"><\/h3>\n                <p class=\"u-gallery-text\"><\/p>\n              <\/div>\n            <\/div>\n            <div class=\"u-effect-fade u-gallery-item\">\n              <div class=\"u-back-slide\" data-image-width=\"800\" data-image-height=\"600\">\n                <img decoding=\"async\" class=\"u-back-image u-expanded\" src=\"https:\/\/www.banja-kanjiza.rs\/hu\/wp-content\/uploads\/sites\/5\/2021\/05\/78666039_2201451066621038_4936139354184613888_n.jpg\" alt=\"\">\n              <\/div>\n              <div class=\"u-over-slide u-shading u-valign-middle u-over-slide-8\">\n                <h3 class=\"u-gallery-heading\"><\/h3>\n                <p class=\"u-gallery-text\"><\/p>\n              <\/div>\n            <\/div>\n            <div class=\"u-effect-fade u-gallery-item\">\n              <div class=\"u-back-slide\" data-image-width=\"800\" data-image-height=\"600\">\n                <img decoding=\"async\" class=\"u-back-image u-expanded\" src=\"https:\/\/www.banja-kanjiza.rs\/hu\/wp-content\/uploads\/sites\/5\/2021\/05\/78805363_2201450876621057_8619646673242554368_n.jpg\" alt=\"\">\n              <\/div>\n              <div class=\"u-over-slide u-shading u-valign-middle u-over-slide-9\">\n                <h3 class=\"u-gallery-heading\"><\/h3>\n                <p class=\"u-gallery-text\"><\/p>\n              <\/div>\n            <\/div>\n          <\/div>\n        <\/div>\n      <\/div>\n    <\/section>\n    \n    \n  \n","protected":false},"excerpt":{"rendered":"<p>2019 Belgr\u00e1di Eg\u00e9szs\u00e9g\u00fcgyi Fesztiv\u00e1l 2019 Sportisti u Banji Zelena nedelja u Vojvodini<\/p>\n","protected":false},"author":1,"featured_media":0,"parent":0,"menu_order":0,"comment_status":"closed","ping_status":"closed","template":"","meta":{"ngg_post_thumbnail":0,"footnotes":""},"class_list":["post-288","page","type-page","status-publish","hentry"],"_links":{"self":[{"href":"https:\/\/www.banja-kanjiza.rs\/hu\/wp-json\/wp\/v2\/pages\/288","targetHints":{"allow":["GET"]}}],"collection":[{"href":"https:\/\/www.banja-kanjiza.rs\/hu\/wp-json\/wp\/v2\/pages"}],"about":[{"href":"https:\/\/www.banja-kanjiza.rs\/hu\/wp-json\/wp\/v2\/types\/page"}],"author":[{"embeddable":true,"href":"https:\/\/www.banja-kanjiza.rs\/hu\/wp-json\/wp\/v2\/users\/1"}],"replies":[{"embeddable":true,"href":"https:\/\/www.banja-kanjiza.rs\/hu\/wp-json\/wp\/v2\/comments?post=288"}],"version-history":[{"count":4,"href":"https:\/\/www.banja-kanjiza.rs\/hu\/wp-json\/wp\/v2\/pages\/288\/revisions"}],"predecessor-version":[{"id":372,"href":"https:\/\/www.banja-kanjiza.rs\/hu\/wp-json\/wp\/v2\/pages\/288\/revisions\/372"}],"wp:attachment":[{"href":"https:\/\/www.banja-kanjiza.rs\/hu\/wp-json\/wp\/v2\/media?parent=288"}],"curies":[{"name":"wp","href":"https:\/\/api.w.org\/{rel}","templated":true}]}}