{"id":373,"date":"2021-05-20T18:04:46","date_gmt":"2021-05-20T16:04:46","guid":{"rendered":"https:\/\/www.banja-kanjiza.rs\/hu\/?page_id=373"},"modified":"2021-05-20T18:05:21","modified_gmt":"2021-05-20T16:05:21","slug":"galeria-2020","status":"publish","type":"page","link":"https:\/\/www.banja-kanjiza.rs\/hu\/galeria-2020\/","title":{"rendered":"2020"},"content":{"rendered":"\n    \n    <section class=\"skrollable u-clearfix u-image u-parallax u-shading u-section-2\" id=\"sec-84de\" data-image-width=\"1980\" data-image-height=\"1320\">\n      <div class=\"u-clearfix u-sheet u-valign-middle u-sheet-1\">\n        <h2 class=\"u-align-center u-text u-text-body-alt-color u-text-1\">2020<\/h2>\n      <\/div>\n    <\/section>\n    <section class=\"u-align-center u-clearfix u-lightbox u-palette-3-light-3 u-section-3\" id=\"sec-33ed\">\n      <div class=\"u-clearfix u-sheet u-sheet-1\">\n        <h2 class=\"u-text u-text-black u-text-1\">Akreditaci\u00f3 a Gy\u00f3gyf\u00fcrd\u0151ben<\/h2>\n        <div class=\"u-expanded-width u-gallery u-layout-grid u-lightbox u-show-text-on-hover u-gallery-1\">\n          <div class=\"u-gallery-inner u-gallery-inner-1\">\n            <div class=\"u-effect-fade u-gallery-item\">\n              <div class=\"u-back-slide\" data-image-width=\"800\" data-image-height=\"600\">\n                <img decoding=\"async\" class=\"u-back-image u-expanded\" src=\"https:\/\/www.banja-kanjiza.rs\/hu\/wp-content\/uploads\/sites\/5\/2021\/05\/akr1.jpg\" alt=\"\">\n              <\/div>\n              <div class=\"u-over-slide u-shading u-valign-middle u-over-slide-1\">\n                <h3 class=\"u-gallery-heading\"><\/h3>\n                <p class=\"u-gallery-text\"><\/p>\n              <\/div>\n            <\/div>\n            <div class=\"u-effect-fade u-gallery-item\">\n              <div class=\"u-back-slide\" data-image-width=\"800\" data-image-height=\"600\">\n                <img decoding=\"async\" class=\"u-back-image u-expanded\" src=\"https:\/\/www.banja-kanjiza.rs\/hu\/wp-content\/uploads\/sites\/5\/2021\/05\/akr2.jpg\" alt=\"\">\n              <\/div>\n              <div class=\"u-over-slide u-shading u-valign-middle u-over-slide-2\">\n                <h3 class=\"u-gallery-heading\"><\/h3>\n                <p class=\"u-gallery-text\"><\/p>\n              <\/div>\n            <\/div>\n            <div class=\"u-effect-fade u-gallery-item\">\n              <div class=\"u-back-slide\" data-image-width=\"800\" data-image-height=\"600\">\n                <img decoding=\"async\" class=\"u-back-image u-expanded\" src=\"https:\/\/www.banja-kanjiza.rs\/hu\/wp-content\/uploads\/sites\/5\/2021\/05\/akr3.jpg\" alt=\"\">\n              <\/div>\n              <div class=\"u-over-slide u-shading u-valign-middle u-over-slide-3\">\n                <h3 class=\"u-gallery-heading\"><\/h3>\n                <p class=\"u-gallery-text\"><\/p>\n              <\/div>\n            <\/div>\n            <div class=\"u-effect-fade u-gallery-item\">\n              <div class=\"u-back-slide\" data-image-width=\"800\" data-image-height=\"600\">\n                <img decoding=\"async\" class=\"u-back-image u-expanded\" src=\"https:\/\/www.banja-kanjiza.rs\/hu\/wp-content\/uploads\/sites\/5\/2021\/05\/akr7.jpg\" alt=\"\">\n              <\/div>\n              <div class=\"u-over-slide u-shading u-valign-middle u-over-slide-4\">\n                <h3 class=\"u-gallery-heading\"><\/h3>\n                <p class=\"u-gallery-text\"><\/p>\n              <\/div>\n            <\/div>\n            <div class=\"u-effect-fade u-gallery-item\">\n              <div class=\"u-back-slide\" data-image-width=\"800\" data-image-height=\"600\">\n                <img decoding=\"async\" class=\"u-back-image u-expanded\" src=\"https:\/\/www.banja-kanjiza.rs\/hu\/wp-content\/uploads\/sites\/5\/2021\/05\/akr4.jpg\" alt=\"\">\n              <\/div>\n              <div class=\"u-over-slide u-shading u-valign-middle u-over-slide-5\">\n                <h3 class=\"u-gallery-heading\"><\/h3>\n                <p class=\"u-gallery-text\"><\/p>\n              <\/div>\n            <\/div>\n            <div class=\"u-effect-fade u-gallery-item\">\n              <div class=\"u-back-slide\" data-image-width=\"800\" data-image-height=\"600\">\n                <img decoding=\"async\" class=\"u-back-image u-expanded\" src=\"https:\/\/www.banja-kanjiza.rs\/hu\/wp-content\/uploads\/sites\/5\/2021\/05\/akr5.jpg\" alt=\"\">\n              <\/div>\n              <div class=\"u-over-slide u-shading u-valign-middle u-over-slide-6\">\n                <h3 class=\"u-gallery-heading\"><\/h3>\n                <p class=\"u-gallery-text\"><\/p>\n              <\/div>\n            <\/div>\n            <div class=\"u-effect-fade u-gallery-item\">\n              <div class=\"u-back-slide\" data-image-width=\"600\" data-image-height=\"450\">\n                <img decoding=\"async\" class=\"u-back-image u-expanded\" src=\"https:\/\/www.banja-kanjiza.rs\/hu\/wp-content\/uploads\/sites\/5\/2021\/05\/akr6.jpg\" alt=\"\">\n              <\/div>\n              <div class=\"u-over-slide u-shading u-valign-middle u-over-slide-7\">\n                <h3 class=\"u-gallery-heading\"><\/h3>\n                <p class=\"u-gallery-text\"><\/p>\n              <\/div>\n            <\/div>\n            <div class=\"u-effect-fade u-gallery-item\">\n              <div class=\"u-back-slide\" data-image-width=\"800\" data-image-height=\"600\">\n                <img decoding=\"async\" class=\"u-back-image u-expanded\" src=\"https:\/\/www.banja-kanjiza.rs\/hu\/wp-content\/uploads\/sites\/5\/2021\/05\/akr1.jpg\" alt=\"\">\n              <\/div>\n              <div class=\"u-over-slide u-shading u-valign-middle u-over-slide-8\">\n                <h3 class=\"u-gallery-heading\"><\/h3>\n                <p class=\"u-gallery-text\"><\/p>\n              <\/div>\n            <\/div>\n          <\/div>\n        <\/div>\n      <\/div>\n    <\/section>\n    \n    \n  \n","protected":false},"excerpt":{"rendered":"<p>2020 Akreditaci\u00f3 a Gy\u00f3gyf\u00fcrd\u0151ben<\/p>\n","protected":false},"author":1,"featured_media":0,"parent":0,"menu_order":0,"comment_status":"closed","ping_status":"closed","template":"","meta":{"ngg_post_thumbnail":0,"footnotes":""},"class_list":["post-373","page","type-page","status-publish","hentry"],"_links":{"self":[{"href":"https:\/\/www.banja-kanjiza.rs\/hu\/wp-json\/wp\/v2\/pages\/373","targetHints":{"allow":["GET"]}}],"collection":[{"href":"https:\/\/www.banja-kanjiza.rs\/hu\/wp-json\/wp\/v2\/pages"}],"about":[{"href":"https:\/\/www.banja-kanjiza.rs\/hu\/wp-json\/wp\/v2\/types\/page"}],"author":[{"embeddable":true,"href":"https:\/\/www.banja-kanjiza.rs\/hu\/wp-json\/wp\/v2\/users\/1"}],"replies":[{"embeddable":true,"href":"https:\/\/www.banja-kanjiza.rs\/hu\/wp-json\/wp\/v2\/comments?post=373"}],"version-history":[{"count":4,"href":"https:\/\/www.banja-kanjiza.rs\/hu\/wp-json\/wp\/v2\/pages\/373\/revisions"}],"predecessor-version":[{"id":385,"href":"https:\/\/www.banja-kanjiza.rs\/hu\/wp-json\/wp\/v2\/pages\/373\/revisions\/385"}],"wp:attachment":[{"href":"https:\/\/www.banja-kanjiza.rs\/hu\/wp-json\/wp\/v2\/media?parent=373"}],"curies":[{"name":"wp","href":"https:\/\/api.w.org\/{rel}","templated":true}]}}